{"id":15,"date":"2025-01-30T06:43:21","date_gmt":"2025-01-30T06:43:21","guid":{"rendered":"https:\/\/jewishvoices.no\/?page_id=15"},"modified":"2025-01-30T07:45:44","modified_gmt":"2025-01-30T07:45:44","slug":"forside","status":"publish","type":"page","link":"https:\/\/jewishvoices.no\/","title":{"rendered":"Forside"},"content":{"rendered":"\n<hr class=\"wp-block-separator has-alpha-channel-opacity\"\/>\n\n\n\n<div class=\"wp-block-query is-layout-flow wp-block-query-is-layout-flow\">\n<div class=\"wp-block-group alignfull is-layout-flow wp-block-group-is-layout-flow\" style=\"padding-top:var(--wp--preset--spacing--40);padding-right:var(--wp--preset--spacing--40);padding-bottom:var(--wp--preset--spacing--40);padding-left:var(--wp--preset--spacing--40)\"><ul style=\"text-transform:none;\" class=\"wp-block-post-template is-layout-flow wp-block-post-template-is-layout-flow\"><li class=\"wp-block-post post-28 post type-post status-publish format-standard hentry category-appeller-og-taler\">\n\n<div class=\"wp-block-group has-global-padding is-content-justification-left is-layout-constrained wp-container-core-group-is-layout-177c594d wp-block-group-is-layout-constrained\">\n<div class=\"wp-block-group is-vertical is-layout-flex wp-container-core-group-is-layout-cedeea28 wp-block-group-is-layout-flex\" style=\"padding-bottom:var(--wp--preset--spacing--80)\"><div style=\"font-size:clamp(0.875rem, 0.875rem + ((1vw - 0.2rem) * 0.039), 0.9rem);letter-spacing:1px; margin-top:0;margin-right:0;margin-bottom:0;margin-left:0;\" class=\"has-text-align-left has-link-color wp-elements-5599b62b56904c5408ce764ba1a18b73 wp-block-post-date has-text-color has-contrast-color\"><time datetime=\"2025-01-30T07:38:20+00:00\">1\/30\/2025<\/time><\/div>\n\n\n<div class=\"wp-block-group has-global-padding is-layout-constrained wp-block-group-is-layout-constrained\" style=\"margin-top:0;margin-bottom:0\"><h2 style=\"font-size:clamp(2.46rem, 2.46rem + ((1vw - 0.2rem) * 3.357), 4.6rem);font-style:normal;font-weight:600;line-height:1;\" class=\"has-link-color wp-elements-6c63676d444148112043a3d23d59cf70 wp-block-post-title has-text-color has-contrast-color\"><a href=\"https:\/\/jewishvoices.no\/index.php\/2025\/01\/30\/appell-den-internasjonale-holocaustdagen\/\" target=\"_self\" >Appell Den internasjonale holocaustdagen<\/a><\/h2>\n\n<div style=\"line-height:1.7;\" class=\"wp-block-post-excerpt has-small-font-size\"><p class=\"wp-block-post-excerpt__excerpt\">Litt over en tredjedel av den norske j\u00f8diske befolkning ble drept og 230 norske j\u00f8diske familier ble fullstendig utslettet. 62 norske rom mistet ogs\u00e5 livet i konsentrasjonsleirene.<\/p><p class=\"wp-block-post-excerpt__more-text\"><a class=\"wp-block-post-excerpt__more-link\" href=\"https:\/\/jewishvoices.no\/index.php\/2025\/01\/30\/appell-den-internasjonale-holocaustdagen\/\">Les videre<\/a><\/p><\/div><\/div>\n<\/div>\n<\/div>\n\n<\/li><\/ul><\/div>\n\n\n\n<div class=\"wp-block-group has-global-padding is-content-justification-left is-layout-constrained wp-container-core-group-is-layout-9821ac42 wp-block-group-is-layout-constrained\" style=\"margin-top:0;margin-bottom:0;padding-top:0;padding-right:var(--wp--preset--spacing--40);padding-bottom:var(--wp--preset--spacing--40);padding-left:var(--wp--preset--spacing--40)\"><\/div>\n<\/div>\n\n\n\n<div class=\"wp-block-query is-layout-flow wp-block-query-is-layout-flow\">\n<div class=\"wp-block-group alignfull is-layout-flow wp-block-group-is-layout-flow\" style=\"padding-top:0;padding-right:0;padding-bottom:0;padding-left:0\">\n<div class=\"wp-block-query alignfull is-layout-flow wp-block-query-is-layout-flow\">\n<div class=\"wp-block-group alignfull is-layout-flow wp-block-group-is-layout-flow\" style=\"padding-top:0;padding-right:0;padding-bottom:0;padding-left:0\"><ul style=\"text-transform:none;\" class=\"wp-block-post-template is-layout-flow wp-block-post-template-is-layout-flow\"><li class=\"wp-block-post post-28 post type-post status-publish format-standard hentry category-appeller-og-taler\"><\/li><\/ul><\/div>\n<\/div>\n<\/div>\n\n\n\n<div class=\"wp-block-group is-layout-flow wp-block-group-is-layout-flow\" style=\"margin-top:0;margin-bottom:0;padding-top:var(--wp--preset--spacing--30);padding-right:16px;padding-bottom:var(--wp--preset--spacing--30);padding-left:16px\"><\/div>\n<\/div>\n","protected":false},"excerpt":{"rendered":"","protected":false},"author":1,"featured_media":29,"parent":0,"menu_order":0,"comment_status":"closed","ping_status":"closed","template":"hearoside","meta":{"footnotes":""},"class_list":["post-15","page","type-page","status-publish","has-post-thumbnail","hentry"],"_links":{"self":[{"href":"https:\/\/jewishvoices.no\/index.php\/wp-json\/wp\/v2\/pages\/15","targetHints":{"allow":["GET"]}}],"collection":[{"href":"https:\/\/jewishvoices.no\/index.php\/wp-json\/wp\/v2\/pages"}],"about":[{"href":"https:\/\/jewishvoices.no\/index.php\/wp-json\/wp\/v2\/types\/page"}],"author":[{"embeddable":true,"href":"https:\/\/jewishvoices.no\/index.php\/wp-json\/wp\/v2\/users\/1"}],"replies":[{"embeddable":true,"href":"https:\/\/jewishvoices.no\/index.php\/wp-json\/wp\/v2\/comments?post=15"}],"version-history":[{"count":8,"href":"https:\/\/jewishvoices.no\/index.php\/wp-json\/wp\/v2\/pages\/15\/revisions"}],"predecessor-version":[{"id":41,"href":"https:\/\/jewishvoices.no\/index.php\/wp-json\/wp\/v2\/pages\/15\/revisions\/41"}],"wp:featuredmedia":[{"embeddable":true,"href":"https:\/\/jewishvoices.no\/index.php\/wp-json\/wp\/v2\/media\/29"}],"wp:attachment":[{"href":"https:\/\/jewishvoices.no\/index.php\/wp-json\/wp\/v2\/media?parent=15"}],"curies":[{"name":"wp","href":"https:\/\/api.w.org\/{rel}","templated":true}]}}